{"id":31887,"date":"2018-04-29T06:12:47","date_gmt":"2018-04-29T03:12:47","guid":{"rendered":"https:\/\/traveller.fi\/company-and-contact-details\/"},"modified":"2025-02-08T20:02:11","modified_gmt":"2025-02-08T17:02:11","slug":"company-and-contact-details","status":"publish","type":"page","link":"https:\/\/traveller.fi\/en\/company-and-contact-details\/","title":{"rendered":"Company and contact details"},"content":{"rendered":"<div class=\"fusion-fullwidth fullwidth-box fusion-builder-row-1 nonhundred-percent-fullwidth non-hundred-percent-height-scrolling\" style=\"--awb-border-radius-top-left:0px;--awb-border-radius-top-right:0px;--awb-border-radius-bottom-right:0px;--awb-border-radius-bottom-left:0px;--awb-flex-wrap:wrap;\" ><div class=\"fusion-builder-row fusion-row\"><div class=\"fusion-layout-column fusion_builder_column fusion-builder-column-0 fusion_builder_column_2_3 2_3 fusion-two-third fusion-column-first\" style=\"--awb-bg-size:cover;width:66.666666666667%;width:calc(66.666666666667% - ( ( 4% ) * 0.66666666666667 ) );margin-right: 4%;\"><div class=\"fusion-column-wrapper fusion-flex-column-wrapper-legacy\"><div class=\"fusion-sep-clear\"><\/div><div class=\"fusion-separator fusion-full-width-sep\" style=\"margin-left: auto;margin-right: auto;width:100%;\"><div class=\"fusion-separator-border sep-double\" style=\"--awb-height:20px;--awb-amount:20px;border-color:#ffffff;border-top-width:18px;border-bottom-width:18px;\"><\/div><\/div><div class=\"fusion-sep-clear\"><\/div><div class=\"fusion-image-element fusion-image-align-right in-legacy-container\" style=\"text-align:right;--awb-caption-title-font-family:var(--h2_typography-font-family);--awb-caption-title-font-weight:var(--h2_typography-font-weight);--awb-caption-title-font-style:var(--h2_typography-font-style);--awb-caption-title-size:var(--h2_typography-font-size);--awb-caption-title-transform:var(--h2_typography-text-transform);--awb-caption-title-line-height:var(--h2_typography-line-height);--awb-caption-title-letter-spacing:var(--h2_typography-letter-spacing);\"><span class=\" fusion-imageframe imageframe-none imageframe-1 hover-type-none\" style=\"margin-left:25px;float:right;\"><img data-recalc-dims=\"1\" decoding=\"async\" width=\"300\" height=\"189\" title=\"AAA-logo-2024-FI\" src=\"https:\/\/i0.wp.com\/traveller.fi\/wp-content\/uploads\/2024\/01\/AAA-logo-2024-FI.jpg?resize=300%2C189&#038;ssl=1\" alt class=\"img-responsive wp-image-30387\" srcset=\"https:\/\/i0.wp.com\/traveller.fi\/wp-content\/uploads\/2024\/01\/AAA-logo-2024-FI.jpg?resize=200%2C126&amp;ssl=1 200w, https:\/\/i0.wp.com\/traveller.fi\/wp-content\/uploads\/2024\/01\/AAA-logo-2024-FI.jpg?resize=300%2C189&amp;ssl=1 300w, https:\/\/i0.wp.com\/traveller.fi\/wp-content\/uploads\/2024\/01\/AAA-logo-2024-FI.jpg?resize=320%2C202&amp;ssl=1 320w, https:\/\/i0.wp.com\/traveller.fi\/wp-content\/uploads\/2024\/01\/AAA-logo-2024-FI.jpg?resize=400%2C252&amp;ssl=1 400w, https:\/\/i0.wp.com\/traveller.fi\/wp-content\/uploads\/2024\/01\/AAA-logo-2024-FI.jpg?resize=600%2C378&amp;ssl=1 600w, https:\/\/i0.wp.com\/traveller.fi\/wp-content\/uploads\/2024\/01\/AAA-logo-2024-FI.jpg?resize=700%2C441&amp;ssl=1 700w, https:\/\/i0.wp.com\/traveller.fi\/wp-content\/uploads\/2024\/01\/AAA-logo-2024-FI.jpg?resize=768%2C484&amp;ssl=1 768w, https:\/\/i0.wp.com\/traveller.fi\/wp-content\/uploads\/2024\/01\/AAA-logo-2024-FI.jpg?resize=800%2C505&amp;ssl=1 800w, https:\/\/i0.wp.com\/traveller.fi\/wp-content\/uploads\/2024\/01\/AAA-logo-2024-FI.jpg?fit=899%2C567&amp;ssl=1 899w\" sizes=\"(max-width: 800px) 100vw, 800px\" \/><\/span><\/div><div class=\"fusion-sep-clear\"><\/div><div class=\"fusion-separator fusion-full-width-sep\" style=\"margin-left: auto;margin-right: auto;width:100%;\"><div class=\"fusion-separator-border sep-double\" style=\"--awb-height:20px;--awb-amount:20px;border-color:#ffffff;border-top-width:18px;border-bottom-width:18px;\"><\/div><\/div><div class=\"fusion-sep-clear\"><\/div><div class=\"fusion-sep-clear\"><\/div><div class=\"fusion-separator fusion-full-width-sep\" style=\"margin-left: auto;margin-right: auto;width:100%;\"><div class=\"fusion-separator-border sep-double\" style=\"--awb-height:20px;--awb-amount:20px;border-color:#ffffff;border-top-width:18px;border-bottom-width:18px;\"><\/div><\/div><div class=\"fusion-sep-clear\"><\/div><div class=\"fusion-text fusion-text-1\"><h2 style=\"text-align: left;\" align=\"justify\"><strong>Founded in 1993, Traveller Oy is a leading and professional Finnish travel agency, and its offering has not been the most conventional until now.<\/strong><\/h2>\n<p>We specialise in providing personalised, different and <em>once-in-a-lifetime<\/em> trips. We are known for our Trans-Siberian train journeys, our comprehensive travel services throughout Asia, and our visa services to even the most exotic destinations.<\/p>\n<p><strong>Looking for a travel experience, a different kind of adventure and daring enough to take on a challenge?<\/strong><\/p>\n<p>As a company, we are on a journey of change and we want you to join us!<\/p>\n<p>We are committed to providing our customers with excellent personal service and our professional staff are key to this. Our local knowledge brings insider knowledge to our trips and we always try to visit new destinations on the spot before they become available.<\/p>\n<p>We take into account the principles of sustainable development and responsible tourism in our travel planning. We also favour rail travel and sourcing services from local operators.<\/p>\n<p>The safety of our customers when travelling is of paramount importance to us and we follow the travel recommendations of the Finnish Ministry for Foreign Affairs closely. If problems arise, we can be reached in emergencies 24 hours a day. We make sure that our customers travel safely. We have the full guarantees required by the Consumer Protection Act under the protection of the Consumer Agency.<\/p>\n<p>For more information on travel agents&#8217; guarantees, please contact the Finnish Competition and Consumer Authority, tel. 029 505 3000 or directly from the website of the Finnish Competition and Consumer Authority.<\/p>\n<p><em>Traveller Oy is a member of the Finnish Competition and Consumer Authority&#8217;s guarantee fund\/ready-made travel register, registration number 4037\/00\/MjMvU<\/em><\/p>\n<\/div><div class=\"fusion-clearfix\"><\/div><\/div><\/div><div class=\"fusion-layout-column fusion_builder_column fusion-builder-column-1 fusion_builder_column_1_3 1_3 fusion-one-third fusion-column-last\" style=\"--awb-bg-size:cover;width:33.333333333333%;width:calc(33.333333333333% - ( ( 4% ) * 0.33333333333333 ) );\"><div class=\"fusion-column-wrapper fusion-flex-column-wrapper-legacy\"><div class=\"fusion-sep-clear\"><\/div><div class=\"fusion-separator fusion-full-width-sep\" style=\"margin-left: auto;margin-right: auto;width:100%;\"><div class=\"fusion-separator-border sep-double\" style=\"--awb-height:20px;--awb-amount:20px;border-color:#ffffff;border-top-width:18px;border-bottom-width:18px;\"><\/div><\/div><div class=\"fusion-sep-clear\"><\/div><div class=\"fusion-sep-clear\"><\/div><div class=\"fusion-separator fusion-full-width-sep\" style=\"margin-left: auto;margin-right: auto;width:100%;\"><div class=\"fusion-separator-border sep-double\" style=\"--awb-height:20px;--awb-amount:20px;border-color:#ffffff;border-top-width:18px;border-bottom-width:18px;\"><\/div><\/div><div class=\"fusion-sep-clear\"><\/div><div class=\"fusion-sep-clear\"><\/div><div class=\"fusion-separator fusion-full-width-sep\" style=\"margin-left: auto;margin-right: auto;width:100%;\"><div class=\"fusion-separator-border sep-double\" style=\"--awb-height:20px;--awb-amount:20px;border-color:#ffffff;border-top-width:18px;border-bottom-width:18px;\"><\/div><\/div><div class=\"fusion-sep-clear\"><\/div><div class=\"fusion-sep-clear\"><\/div><div class=\"fusion-separator fusion-full-width-sep\" style=\"margin-left: auto;margin-right: auto;width:100%;\"><div class=\"fusion-separator-border sep-double\" style=\"--awb-height:20px;--awb-amount:20px;border-color:#ffffff;border-top-width:18px;border-bottom-width:18px;\"><\/div><\/div><div class=\"fusion-sep-clear\"><\/div><div class=\"fusion-sep-clear\"><\/div><div class=\"fusion-separator fusion-full-width-sep\" style=\"margin-left: auto;margin-right: auto;width:100%;\"><div class=\"fusion-separator-border sep-double\" style=\"--awb-height:20px;--awb-amount:20px;border-color:#ffffff;border-top-width:18px;border-bottom-width:18px;\"><\/div><\/div><div class=\"fusion-sep-clear\"><\/div><div class=\"fusion-sep-clear\"><\/div><div class=\"fusion-separator fusion-full-width-sep\" style=\"margin-left: auto;margin-right: auto;width:100%;\"><div class=\"fusion-separator-border sep-double\" style=\"--awb-height:20px;--awb-amount:20px;border-color:#ffffff;border-top-width:18px;border-bottom-width:18px;\"><\/div><\/div><div class=\"fusion-sep-clear\"><\/div><div class=\"fusion-sep-clear\"><\/div><div class=\"fusion-separator fusion-full-width-sep\" style=\"margin-left: auto;margin-right: auto;width:100%;\"><div class=\"fusion-separator-border sep-double\" style=\"--awb-height:20px;--awb-amount:20px;border-color:#ffffff;border-top-width:18px;border-bottom-width:18px;\"><\/div><\/div><div class=\"fusion-sep-clear\"><\/div><div class=\"fusion-sep-clear\"><\/div><div class=\"fusion-separator fusion-full-width-sep\" style=\"margin-left: auto;margin-right: auto;width:100%;\"><div class=\"fusion-separator-border sep-double\" style=\"--awb-height:20px;--awb-amount:20px;border-color:#ffffff;border-top-width:18px;border-bottom-width:18px;\"><\/div><\/div><div class=\"fusion-sep-clear\"><\/div><div class=\"awb-gallery-wrapper awb-gallery-wrapper-1 button-span-no\" style=\"--more-btn-alignment:center;\"><div style=\"margin:-5px;--awb-bordersize:0px;\" class=\"fusion-gallery fusion-gallery-container fusion-grid-3 fusion-columns-total-1 fusion-gallery-layout-grid fusion-gallery-1\"><div style=\"padding:5px;\" class=\"fusion-grid-column fusion-gallery-column fusion-gallery-column-3 hover-type-none\"><div class=\"fusion-gallery-image\"><a href=\"https:\/\/i0.wp.com\/traveller.fi\/wp-content\/uploads\/2024\/02\/uusi_logo_ruskea_vaaleatausta.jpg.png?fit=529%2C383&#038;ssl=1\" rel=\"noreferrer\" data-rel=\"iLightbox[gallery_image_1]\" class=\"fusion-lightbox\" target=\"_self\"><img data-recalc-dims=\"1\" decoding=\"async\" src=\"https:\/\/i0.wp.com\/traveller.fi\/wp-content\/uploads\/2024\/02\/uusi_logo_ruskea_vaaleatausta.jpg.png?resize=460%2C295&#038;ssl=1\" width=\"460\" height=\"295\" alt=\"\" title=\"uusi_logo_ruskea_vaaleatausta.jpg\" aria-label=\"uusi_logo_ruskea_vaaleatausta.jpg\" class=\"img-responsive wp-image-27247 fusion-gallery-image-size-fixed\" srcset=\"https:\/\/i0.wp.com\/traveller.fi\/wp-content\/uploads\/2024\/02\/uusi_logo_ruskea_vaaleatausta.jpg.png?resize=460%2C295&amp;ssl=1 460w, https:\/\/i0.wp.com\/traveller.fi\/wp-content\/uploads\/2024\/02\/uusi_logo_ruskea_vaaleatausta.jpg.png?fit=529%2C383&amp;ssl=1 529w\" sizes=\"(min-width: 2200px) 100vw, (min-width: 824px) 357px, (min-width: 732px) 535px, (min-width: 640px) 732px, \" \/><\/a><\/div><\/div><\/div><\/div><div class=\"fusion-sep-clear\"><\/div><div class=\"fusion-separator fusion-full-width-sep\" style=\"margin-left: auto;margin-right: auto;width:100%;\"><div class=\"fusion-separator-border sep-double\" style=\"--awb-height:20px;--awb-amount:20px;border-color:#ffffff;border-top-width:18px;border-bottom-width:18px;\"><\/div><\/div><div class=\"fusion-sep-clear\"><\/div><div class=\"fusion-title title fusion-title-1 fusion-title-text fusion-title-size-one\" style=\"--awb-margin-top-small:0px;--awb-margin-right-small:0px;--awb-margin-bottom-small:20px;--awb-margin-left-small:0px;\"><h1 class=\"fusion-title-heading title-heading-left fusion-responsive-typography-calculated\" style=\"margin:0;--fontSize:55;line-height:1.3;\">Contact<\/h1><span class=\"awb-title-spacer\"><\/span><div class=\"title-sep-container\"><div class=\"title-sep sep-single sep-solid\" style=\"border-color:#808000;\"><\/div><\/div><\/div><div class=\"fusion-sep-clear\"><\/div><div class=\"fusion-separator fusion-full-width-sep\" style=\"margin-left: auto;margin-right: auto;width:100%;\"><div class=\"fusion-separator-border sep-double\" style=\"--awb-height:20px;--awb-amount:20px;border-color:#ffffff;border-top-width:18px;border-bottom-width:18px;\"><\/div><\/div><div class=\"fusion-sep-clear\"><\/div><div class=\"fusion-text fusion-text-2\"><div><\/div>\n<div><em><span style=\"color: #993300;\"><strong>NOTE!<\/strong><\/span><\/em><\/div>\n<div><em><span style=\"color: #993300;\"><strong>Alk. 13.01.2025 Our office will move to working remotely like many other teams and companies. Our new address for mail is:<\/strong><\/span><\/em><\/div>\n<ul>\n<li><strong>Traveller Oy<\/strong><\/li>\n<li><strong>P.O. Box 9, 00981 Helsinki<\/strong><\/li>\n<\/ul>\n<p><span style=\"color: #993300;\"><strong><em>Our S-mail and phone numbers remain the same.<\/em><\/strong><\/span><\/p>\n<ul>\n<li><strong>e-mail: <a href=\"mailto:traveller@traveller.fi\">traveller@traveller.fi<\/a><\/strong><\/li>\n<li><strong>tel: 09 660 002<\/strong><\/li>\n<li><strong>Business ID 0920618-7<\/strong><\/li>\n<\/ul>\n<\/div><div class=\"fusion-clearfix\"><\/div><\/div><\/div><\/div><\/div>\n","protected":false},"excerpt":{"rendered":"","protected":false},"author":1,"featured_media":0,"parent":0,"menu_order":0,"comment_status":"closed","ping_status":"closed","template":"","meta":{"footnotes":""},"class_list":["post-31887","page","type-page","status-publish","hentry"],"yoast_head":"<!-- This site is optimized with the Yoast SEO plugin v26.2 - https:\/\/yoast.com\/wordpress\/plugins\/seo\/ -->\n<title>Company and contact details &#8211; Matkatoimisto Traveller Oy<\/title>\n<meta name=\"description\" content=\"Olemme erikoistuneet tuottamaan yksil\u00f6llisi\u00e4, erilaisia ja niin sanottuja once in a lifetime-tyylisi\u00e4 matkoja. Tutustu my\u00f6s viisumipalveluihimme!\" \/>\n<meta name=\"robots\" content=\"index, follow, max-snippet:-1, max-image-preview:large, max-video-preview:-1\" \/>\n<link rel=\"canonical\" href=\"https:\/\/traveller.fi\/en\/company-and-contact-details\/\" \/>\n<meta property=\"og:locale\" content=\"en_US\" \/>\n<meta property=\"og:type\" content=\"article\" \/>\n<meta property=\"og:title\" content=\"Company and contact details &#8211; Matkatoimisto Traveller Oy\" \/>\n<meta property=\"og:description\" content=\"Olemme erikoistuneet tuottamaan yksil\u00f6llisi\u00e4, erilaisia ja niin sanottuja once in a lifetime-tyylisi\u00e4 matkoja. Tutustu my\u00f6s viisumipalveluihimme!\" \/>\n<meta property=\"og:url\" content=\"https:\/\/traveller.fi\/en\/company-and-contact-details\/\" \/>\n<meta property=\"og:site_name\" content=\"Matkatoimisto Traveller Oy\" \/>\n<meta property=\"article:publisher\" content=\"https:\/\/www.facebook.com\/TravellerOy\" \/>\n<meta property=\"article:modified_time\" content=\"2025-02-08T17:02:11+00:00\" \/>\n<meta property=\"og:image\" content=\"https:\/\/i0.wp.com\/traveller.fi\/wp-content\/uploads\/2021\/02\/Traveller-uusi-logo.jpg?fit=595%2C450&ssl=1\" \/>\n\t<meta property=\"og:image:width\" content=\"595\" \/>\n\t<meta property=\"og:image:height\" content=\"450\" \/>\n\t<meta property=\"og:image:type\" content=\"image\/jpeg\" \/>\n<meta name=\"twitter:card\" content=\"summary_large_image\" \/>\n<meta name=\"twitter:site\" content=\"@TravellerOy\" \/>\n<meta name=\"twitter:label1\" content=\"Est. reading time\" \/>\n\t<meta name=\"twitter:data1\" content=\"8 minutes\" \/>\n<script type=\"application\/ld+json\" class=\"yoast-schema-graph\">{\"@context\":\"https:\/\/schema.org\",\"@graph\":[{\"@type\":\"WebPage\",\"@id\":\"https:\/\/traveller.fi\/en\/company-and-contact-details\/\",\"url\":\"https:\/\/traveller.fi\/en\/company-and-contact-details\/\",\"name\":\"Company and contact details &#8211; Matkatoimisto Traveller Oy\",\"isPartOf\":{\"@id\":\"https:\/\/traveller.fi\/#website\"},\"datePublished\":\"2018-04-29T03:12:47+00:00\",\"dateModified\":\"2025-02-08T17:02:11+00:00\",\"description\":\"Olemme erikoistuneet tuottamaan yksil\u00f6llisi\u00e4, erilaisia ja niin sanottuja once in a lifetime-tyylisi\u00e4 matkoja. Tutustu my\u00f6s viisumipalveluihimme!\",\"breadcrumb\":{\"@id\":\"https:\/\/traveller.fi\/en\/company-and-contact-details\/#breadcrumb\"},\"inLanguage\":\"en-US\",\"potentialAction\":[{\"@type\":\"ReadAction\",\"target\":[\"https:\/\/traveller.fi\/en\/company-and-contact-details\/\"]}]},{\"@type\":\"BreadcrumbList\",\"@id\":\"https:\/\/traveller.fi\/en\/company-and-contact-details\/#breadcrumb\",\"itemListElement\":[{\"@type\":\"ListItem\",\"position\":1,\"name\":\"Home\",\"item\":\"https:\/\/traveller.fi\/en\/\"},{\"@type\":\"ListItem\",\"position\":2,\"name\":\"Company and contact details\"}]},{\"@type\":\"WebSite\",\"@id\":\"https:\/\/traveller.fi\/#website\",\"url\":\"https:\/\/traveller.fi\/\",\"name\":\"Matkatoimisto Traveller Oy\",\"description\":\"El\u00e4m\u00e4si matkat\",\"publisher\":{\"@id\":\"https:\/\/traveller.fi\/#organization\"},\"potentialAction\":[{\"@type\":\"SearchAction\",\"target\":{\"@type\":\"EntryPoint\",\"urlTemplate\":\"https:\/\/traveller.fi\/?s={search_term_string}\"},\"query-input\":{\"@type\":\"PropertyValueSpecification\",\"valueRequired\":true,\"valueName\":\"search_term_string\"}}],\"inLanguage\":\"en-US\"},{\"@type\":\"Organization\",\"@id\":\"https:\/\/traveller.fi\/#organization\",\"name\":\"Matkatoimisto Traveller Oy\",\"url\":\"https:\/\/traveller.fi\/\",\"logo\":{\"@type\":\"ImageObject\",\"inLanguage\":\"en-US\",\"@id\":\"https:\/\/traveller.fi\/#\/schema\/logo\/image\/\",\"url\":\"\",\"contentUrl\":\"\",\"caption\":\"Matkatoimisto Traveller Oy\"},\"image\":{\"@id\":\"https:\/\/traveller.fi\/#\/schema\/logo\/image\/\"},\"sameAs\":[\"https:\/\/www.facebook.com\/TravellerOy\",\"https:\/\/x.com\/TravellerOy\",\"https:\/\/www.instagram.com\/traveller_matkatoimisto\/\"]}]}<\/script>\n<!-- \/ Yoast SEO plugin. -->","yoast_head_json":{"title":"Company and contact details &#8211; Matkatoimisto Traveller Oy","description":"Olemme erikoistuneet tuottamaan yksil\u00f6llisi\u00e4, erilaisia ja niin sanottuja once in a lifetime-tyylisi\u00e4 matkoja. Tutustu my\u00f6s viisumipalveluihimme!","robots":{"index":"index","follow":"follow","max-snippet":"max-snippet:-1","max-image-preview":"max-image-preview:large","max-video-preview":"max-video-preview:-1"},"canonical":"https:\/\/traveller.fi\/en\/company-and-contact-details\/","og_locale":"en_US","og_type":"article","og_title":"Company and contact details &#8211; Matkatoimisto Traveller Oy","og_description":"Olemme erikoistuneet tuottamaan yksil\u00f6llisi\u00e4, erilaisia ja niin sanottuja once in a lifetime-tyylisi\u00e4 matkoja. Tutustu my\u00f6s viisumipalveluihimme!","og_url":"https:\/\/traveller.fi\/en\/company-and-contact-details\/","og_site_name":"Matkatoimisto Traveller Oy","article_publisher":"https:\/\/www.facebook.com\/TravellerOy","article_modified_time":"2025-02-08T17:02:11+00:00","og_image":[{"width":595,"height":450,"url":"https:\/\/i0.wp.com\/traveller.fi\/wp-content\/uploads\/2021\/02\/Traveller-uusi-logo.jpg?fit=595%2C450&ssl=1","type":"image\/jpeg"}],"twitter_card":"summary_large_image","twitter_site":"@TravellerOy","twitter_misc":{"Est. reading time":"8 minutes"},"schema":{"@context":"https:\/\/schema.org","@graph":[{"@type":"WebPage","@id":"https:\/\/traveller.fi\/en\/company-and-contact-details\/","url":"https:\/\/traveller.fi\/en\/company-and-contact-details\/","name":"Company and contact details &#8211; Matkatoimisto Traveller Oy","isPartOf":{"@id":"https:\/\/traveller.fi\/#website"},"datePublished":"2018-04-29T03:12:47+00:00","dateModified":"2025-02-08T17:02:11+00:00","description":"Olemme erikoistuneet tuottamaan yksil\u00f6llisi\u00e4, erilaisia ja niin sanottuja once in a lifetime-tyylisi\u00e4 matkoja. Tutustu my\u00f6s viisumipalveluihimme!","breadcrumb":{"@id":"https:\/\/traveller.fi\/en\/company-and-contact-details\/#breadcrumb"},"inLanguage":"en-US","potentialAction":[{"@type":"ReadAction","target":["https:\/\/traveller.fi\/en\/company-and-contact-details\/"]}]},{"@type":"BreadcrumbList","@id":"https:\/\/traveller.fi\/en\/company-and-contact-details\/#breadcrumb","itemListElement":[{"@type":"ListItem","position":1,"name":"Home","item":"https:\/\/traveller.fi\/en\/"},{"@type":"ListItem","position":2,"name":"Company and contact details"}]},{"@type":"WebSite","@id":"https:\/\/traveller.fi\/#website","url":"https:\/\/traveller.fi\/","name":"Matkatoimisto Traveller Oy","description":"El\u00e4m\u00e4si matkat","publisher":{"@id":"https:\/\/traveller.fi\/#organization"},"potentialAction":[{"@type":"SearchAction","target":{"@type":"EntryPoint","urlTemplate":"https:\/\/traveller.fi\/?s={search_term_string}"},"query-input":{"@type":"PropertyValueSpecification","valueRequired":true,"valueName":"search_term_string"}}],"inLanguage":"en-US"},{"@type":"Organization","@id":"https:\/\/traveller.fi\/#organization","name":"Matkatoimisto Traveller Oy","url":"https:\/\/traveller.fi\/","logo":{"@type":"ImageObject","inLanguage":"en-US","@id":"https:\/\/traveller.fi\/#\/schema\/logo\/image\/","url":"","contentUrl":"","caption":"Matkatoimisto Traveller Oy"},"image":{"@id":"https:\/\/traveller.fi\/#\/schema\/logo\/image\/"},"sameAs":["https:\/\/www.facebook.com\/TravellerOy","https:\/\/x.com\/TravellerOy","https:\/\/www.instagram.com\/traveller_matkatoimisto\/"]}]}},"jetpack_sharing_enabled":true,"_links":{"self":[{"href":"https:\/\/traveller.fi\/en\/wp-json\/wp\/v2\/pages\/31887","targetHints":{"allow":["GET"]}}],"collection":[{"href":"https:\/\/traveller.fi\/en\/wp-json\/wp\/v2\/pages"}],"about":[{"href":"https:\/\/traveller.fi\/en\/wp-json\/wp\/v2\/types\/page"}],"author":[{"embeddable":true,"href":"https:\/\/traveller.fi\/en\/wp-json\/wp\/v2\/users\/1"}],"replies":[{"embeddable":true,"href":"https:\/\/traveller.fi\/en\/wp-json\/wp\/v2\/comments?post=31887"}],"version-history":[{"count":2,"href":"https:\/\/traveller.fi\/en\/wp-json\/wp\/v2\/pages\/31887\/revisions"}],"predecessor-version":[{"id":31891,"href":"https:\/\/traveller.fi\/en\/wp-json\/wp\/v2\/pages\/31887\/revisions\/31891"}],"wp:attachment":[{"href":"https:\/\/traveller.fi\/en\/wp-json\/wp\/v2\/media?parent=31887"}],"curies":[{"name":"wp","href":"https:\/\/api.w.org\/{rel}","templated":true}]}}