{"id":31939,"date":"2024-07-11T14:32:22","date_gmt":"2024-07-11T11:32:22","guid":{"rendered":"https:\/\/traveller.fi\/group-travel-2025\/"},"modified":"2025-02-22T17:04:53","modified_gmt":"2025-02-22T14:04:53","slug":"group-tours-2025","status":"publish","type":"page","link":"https:\/\/traveller.fi\/en\/group-tours-2025\/","title":{"rendered":"Group tours 2025"},"content":{"rendered":"<div class=\"fusion-fullwidth fullwidth-box fusion-builder-row-1 fusion-flex-container has-pattern-background has-mask-background nonhundred-percent-fullwidth non-hundred-percent-height-scrolling\" style=\"--awb-border-radius-top-left:0px;--awb-border-radius-top-right:0px;--awb-border-radius-bottom-right:0px;--awb-border-radius-bottom-left:0px;--awb-flex-wrap:wrap;\" ><div class=\"fusion-builder-row fusion-row fusion-flex-align-items-flex-start fusion-flex-content-wrap\" style=\"max-width:1123.2px;margin-left: calc(-4% \/ 2 );margin-right: calc(-4% \/ 2 );\"><div class=\"fusion-layout-column fusion_builder_column fusion-builder-column-0 fusion_builder_column_1_1 1_1 fusion-flex-column\" style=\"--awb-bg-size:cover;--awb-width-large:100%;--awb-margin-top-large:0px;--awb-spacing-right-large:1.92%;--awb-margin-bottom-large:20px;--awb-spacing-left-large:1.92%;--awb-width-medium:100%;--awb-order-medium:0;--awb-spacing-right-medium:1.92%;--awb-spacing-left-medium:1.92%;--awb-width-small:100%;--awb-order-small:0;--awb-spacing-right-small:1.92%;--awb-spacing-left-small:1.92%;\"><div class=\"fusion-column-wrapper fusion-column-has-shadow fusion-flex-justify-content-flex-start fusion-content-layout-column\"><div class=\"fusion-separator fusion-full-width-sep\" style=\"align-self: center;margin-left: auto;margin-right: auto;width:100%;\"><div class=\"fusion-separator-border sep-double\" style=\"--awb-height:20px;--awb-amount:20px;border-color:#ffffff;border-top-width:18px;border-bottom-width:18px;\"><\/div><\/div><div class=\"fusion-separator fusion-full-width-sep\" style=\"align-self: center;margin-left: auto;margin-right: auto;width:100%;\"><div class=\"fusion-separator-border sep-double\" style=\"--awb-height:20px;--awb-amount:20px;border-color:#ffffff;border-top-width:18px;border-bottom-width:18px;\"><\/div><\/div><div style=\"text-align:left;\"><a class=\"fusion-button button-flat button-xlarge button-default fusion-button-default button-1 fusion-button-span-yes fusion-button-default-type\" style=\"--button-border-radius-top-left:10px;--button-border-radius-top-right:10px;--button-border-radius-bottom-right:10px;--button-border-radius-bottom-left:10px;\" target=\"_self\" href=\"https:\/\/traveller.fi\/en\/group-tours-2026\/\"><i class=\"fa-users fas awb-button__icon awb-button__icon--default button-icon-left\" aria-hidden=\"true\"><\/i><span class=\"fusion-button-text awb-button__text awb-button__text--default\">group tours 2026<\/span><\/a><\/div><div class=\"fusion-separator fusion-full-width-sep\" style=\"align-self: center;margin-left: auto;margin-right: auto;width:100%;\"><div class=\"fusion-separator-border sep-double\" style=\"--awb-height:20px;--awb-amount:20px;border-color:#ffffff;border-top-width:18px;border-bottom-width:18px;\"><\/div><\/div>\n<div class=\"table-1\">\n<table style=\"height: 1582px;\" width=\"1046\">\n<thead>\n<tr>\n<th style=\"text-align: left;\" align=\"left\">\n<h3 style=\"text-align: center;\"><strong>2025<\/strong><\/h3>\n<\/th>\n<th style=\"text-align: left;\" align=\"left\">\n<h3 style=\"text-align: center;\"><strong>Destination<\/strong><\/h3>\n<\/th>\n<th style=\"text-align: left;\" align=\"left\">\n<h3 style=\"text-align: center;\"><strong>Price starting\/person<\/strong><\/h3>\n<\/th>\n<th style=\"text-align: left;\" align=\"left\">\n<h3 style=\"text-align: center;\"><strong>Tour date<\/strong><\/h3>\n<\/th>\n<th style=\"text-align: left;\" align=\"left\">\n<h3 style=\"text-align: center;\"><strong>Type of tour<\/strong><\/h3>\n<\/th>\n<th style=\"text-align: left;\" align=\"left\">\n<h3 style=\"text-align: center;\"><strong>More information<\/strong><\/h3>\n<\/th>\n<th style=\"text-align: left;\" align=\"left\">\n<h3 style=\"text-align: center;\"><strong>Book<\/strong><\/h3>\n<\/th>\n<\/tr>\n<\/thead>\n<tbody>\n<tr>\n<td align=\"left\"><\/td>\n<td align=\"left\"><\/td>\n<td align=\"left\"><\/td>\n<td align=\"left\"><\/td>\n<td align=\"left\"><\/td>\n<td align=\"left\"><\/td>\n<td align=\"left\"><\/td>\n<\/tr>\n<tr>\n<td align=\"left\"><i>17.07<\/i><\/td>\n<td align=\"left\"><a href=\"https:\/\/traveller.fi\/en\/tuote\/summer-in-pakistan\/\" target=\"_blank\" rel=\"noopener\"><b>Summer in Pakistan<\/b><\/a><\/td>\n<td style=\"text-align: center;\" align=\"left\"><em>4 050 \u20ac<\/em><\/td>\n<td style=\"text-align: center;\" align=\"left\">17-26.07<\/td>\n<td style=\"text-align: center;\" align=\"left\"><span style=\"color: #993300;\"><strong><em>Culture, nature and experience<\/em><\/strong><\/span><\/td>\n<td style=\"text-align: center;\" align=\"left\"><\/td>\n<td style=\"text-align: center;\" align=\"left\"><a href=\"https:\/\/traveller.fi\/en\/tuote\/summer-in-pakistan\/\" target=\"_blank\" rel=\"noopener\"><span style=\"color: #008000;\"><strong>Book<\/strong><\/span><\/a><\/td>\n<\/tr>\n<tr>\n<td align=\"left\"><\/td>\n<td align=\"left\"><\/td>\n<td align=\"left\"><\/td>\n<td align=\"left\"><\/td>\n<td align=\"left\"><\/td>\n<td align=\"left\"><\/td>\n<td align=\"left\"><\/td>\n<\/tr>\n<tr>\n<td style=\"text-align: center;\" align=\"left\"><em>19.08<\/em><\/td>\n<td align=\"left\"><a href=\"https:\/\/traveller.fi\/en\/tuote\/svalbard-trip\/\"><strong>Svalbard and Tromso<\/strong><\/a><\/td>\n<td style=\"text-align: center;\" align=\"left\"><em>2 550 \u20ac<\/em><\/td>\n<td style=\"text-align: center;\" align=\"left\">19-24.08<\/td>\n<td style=\"text-align: center;\" align=\"left\"><span style=\"color: #993300;\"><strong><em>Culture, nature and experience<\/em><\/strong><\/span><\/td>\n<td align=\"left\"><\/td>\n<td style=\"text-align: center;\" align=\"left\"><a href=\"https:\/\/traveller.fi\/en\/tuote\/svalbard-trip\/\" target=\"_blank\" rel=\"noopener\"><span style=\"color: #008000;\"><strong>Book<\/strong><\/span><\/a><\/td>\n<\/tr>\n<tr>\n<td align=\"left\"><\/td>\n<td align=\"left\"><\/td>\n<td align=\"left\"><\/td>\n<td align=\"left\"><\/td>\n<td align=\"left\"><\/td>\n<td align=\"left\"><\/td>\n<td align=\"left\"><\/td>\n<\/tr>\n<tr>\n<td align=\"left\"><em>10.09<\/em><\/td>\n<td align=\"left\">\n<div class=\"table-1\">\n<div class=\"table-1\">\n<div class=\"table-1\">\n<p class=\"fusion-title-heading title-heading-center fusion-responsive-typography-calculated\"><strong><a href=\"https:\/\/traveller.fi\/en\/tuote\/by-train-from-bergen-to-oslo\/\" target=\"_blank\" rel=\"noopener\">By train from Bergen to Oslo<\/a><\/strong><\/p>\n<\/div>\n<\/div>\n<\/div>\n<div class=\"table-1\">\n<div class=\"table-1\"><\/div>\n<\/div>\n<\/td>\n<td style=\"text-align: center;\" align=\"left\"><em>1 495 \u20ac<\/em><\/td>\n<td style=\"text-align: center;\" align=\"left\">10-15.09<\/td>\n<td style=\"text-align: center;\" align=\"left\"><span style=\"color: #993300;\"><strong><em>Journey by train<\/em><\/strong><\/span><\/td>\n<td align=\"left\"><\/td>\n<td style=\"text-align: center;\" align=\"left\"><a href=\"https:\/\/traveller.fi\/en\/tuote\/by-train-from-bergen-to-oslo\/\" target=\"_blank\" rel=\"noopener\"><span style=\"color: #008000;\"><strong>Book<\/strong><\/span><\/a><\/td>\n<\/tr>\n<tr>\n<td align=\"left\"><\/td>\n<td align=\"left\"><\/td>\n<td align=\"left\"><\/td>\n<td align=\"left\"><\/td>\n<td align=\"left\"><\/td>\n<td align=\"left\"><\/td>\n<td align=\"left\"><\/td>\n<\/tr>\n<tr>\n<td align=\"left\"><em>16.09<\/em><\/td>\n<td align=\"left\"><a href=\"https:\/\/traveller.fi\/en\/tuote\/trans-mongolian-train-journey\/\" target=\"_blank\" rel=\"noopener\"><strong>Trans Mongolian train<\/strong><\/a><\/td>\n<td style=\"text-align: center;\" align=\"left\"><em>4 425 \u20ac<\/em><\/td>\n<td style=\"text-align: center;\" align=\"left\">16.09-02.10<\/td>\n<td style=\"text-align: center;\" align=\"left\"><span style=\"color: #993300;\"><strong><em>Journey by train<\/em><\/strong><\/span><\/td>\n<td align=\"left\"><\/td>\n<td style=\"text-align: center;\" align=\"left\"><a href=\"https:\/\/traveller.fi\/en\/tuote\/trans-mongolian-train-journey\/\" target=\"_blank\" rel=\"noopener\"><span style=\"color: #008000;\"><strong>Book<\/strong><\/span><\/a><\/td>\n<\/tr>\n<tr>\n<td align=\"left\"><\/td>\n<td align=\"left\"><\/td>\n<td align=\"left\"><\/td>\n<td align=\"left\"><\/td>\n<td align=\"left\"><\/td>\n<td align=\"left\"><\/td>\n<td align=\"left\"><\/td>\n<\/tr>\n<tr>\n<td align=\"left\"><em>08.10<\/em><\/td>\n<td align=\"left\"><a href=\"https:\/\/traveller.fi\/en\/tuote\/tajikistan-and-afghanistan\/\" target=\"_blank\" rel=\"noopener\"><strong>Tajikistan ja Afganistan<\/strong><\/a><\/td>\n<td style=\"text-align: center;\" align=\"left\"><em>4 100 \u20ac<\/em><\/td>\n<td style=\"text-align: center;\" align=\"left\">08.-18.10<\/td>\n<td style=\"text-align: center;\" align=\"left\"><span style=\"color: #993300;\"><strong><em>Culture, nature and experience<\/em><\/strong><\/span><\/td>\n<td align=\"left\"><\/td>\n<td style=\"text-align: center;\" align=\"left\"><a href=\"https:\/\/traveller.fi\/en\/tuote\/tajikistan-and-afghanistan\/\" target=\"_blank\" rel=\"noopener\"><span style=\"color: #008000;\"><strong>Book<\/strong><\/span><\/a><\/td>\n<\/tr>\n<tr>\n<td align=\"left\"><\/td>\n<td align=\"left\"><\/td>\n<td align=\"left\"><\/td>\n<td align=\"left\"><\/td>\n<td align=\"left\"><\/td>\n<td align=\"left\"><\/td>\n<td align=\"left\"><\/td>\n<\/tr>\n<tr>\n<td align=\"left\"><em>17.10<\/em><\/td>\n<td align=\"left\">\n<div class=\"table-1\">\n<div class=\"table-1\">\n<div class=\"table-1\"><a href=\"https:\/\/traveller.fi\/en\/tuote\/by-train-from-the-alps-to-sicily\/\" target=\"_blank\" rel=\"noopener\"><strong>By train from the Alps to Sicily<\/strong><\/a><\/div>\n<\/div>\n<\/div>\n<div class=\"table-1\">\n<div class=\"table-1\"><\/div>\n<\/div>\n<\/td>\n<td style=\"text-align: center;\" align=\"left\"><em>3 645 \u20ac<\/em><\/td>\n<td style=\"text-align: center;\" align=\"left\">17-25.10<\/td>\n<td style=\"text-align: center;\" align=\"left\"><span style=\"color: #993300;\"><strong><em>Journey by train<\/em><\/strong><\/span><\/td>\n<td align=\"left\"><\/td>\n<td style=\"text-align: center;\" align=\"left\"><a href=\"https:\/\/traveller.fi\/en\/tuote\/by-train-from-the-alps-to-sicily\/\" target=\"_blank\" rel=\"noopener\"><span style=\"color: #008000;\"><strong>Book<\/strong><\/span><\/a><\/td>\n<\/tr>\n<tr>\n<td align=\"left\"><\/td>\n<td align=\"left\"><\/td>\n<td align=\"left\"><\/td>\n<td align=\"left\"><\/td>\n<td align=\"left\"><\/td>\n<td align=\"left\"><\/td>\n<td align=\"left\"><\/td>\n<\/tr>\n<tr>\n<td align=\"left\"><em>23.10<\/em><\/td>\n<td align=\"left\"><a href=\"https:\/\/traveller.fi\/en\/tuote\/the-wonders-of-china\/\"><strong>The wonders of China<\/strong><\/a><\/td>\n<td style=\"text-align: center;\" align=\"left\"><em>3 295 \u20ac<\/em><\/td>\n<td style=\"text-align: center;\" align=\"left\">23.10-05.11<\/td>\n<td style=\"text-align: center;\" align=\"left\"><span style=\"color: #993300;\"><strong><em>Bullett train and river cruise<\/em><\/strong><\/span><\/td>\n<td align=\"left\"><\/td>\n<td style=\"text-align: center;\" align=\"left\"><a href=\"https:\/\/traveller.fi\/en\/tuote\/the-wonders-of-china\/\" target=\"_blank\" rel=\"noopener\"><span style=\"color: #008000;\"><strong>Book<\/strong><\/span><\/a><\/td>\n<\/tr>\n<tr>\n<td align=\"left\"><\/td>\n<td align=\"left\"><\/td>\n<td align=\"left\"><\/td>\n<td align=\"left\"><\/td>\n<td align=\"left\"><\/td>\n<td align=\"left\"><\/td>\n<td align=\"left\"><\/td>\n<\/tr>\n<tr>\n<td align=\"left\"><em>17.11<\/em><\/td>\n<td align=\"left\"><strong><a href=\"https:\/\/traveller.fi\/en\/tuote\/trip-to-iraq\/\" target=\"_blank\" rel=\"noopener\">Tour to Irak<\/a><\/strong><\/td>\n<td style=\"text-align: center;\" align=\"left\"><em>3 650 \u20ac<\/em><\/td>\n<td style=\"text-align: center;\" align=\"left\">17-25.11<\/td>\n<td style=\"text-align: center;\" align=\"left\"><span style=\"color: #993300;\"><strong><em>Culture, nature and experience<\/em><\/strong><\/span><\/td>\n<td align=\"left\"><\/td>\n<td style=\"text-align: center;\" align=\"left\"><a href=\"https:\/\/traveller.fi\/en\/tuote\/trip-to-iraq\/\" target=\"_blank\" rel=\"noopener\"><span style=\"color: #008000;\"><strong>Book<\/strong><\/span><\/a><\/td>\n<\/tr>\n<tr>\n<td align=\"left\"><\/td>\n<td align=\"left\"><\/td>\n<td align=\"left\"><\/td>\n<td align=\"left\"><\/td>\n<td align=\"left\"><\/td>\n<td align=\"left\"><\/td>\n<td align=\"left\"><\/td>\n<\/tr>\n<tr>\n<td align=\"left\"><em>28.11<\/em><\/td>\n<td align=\"left\"><a href=\"https:\/\/traveller.fi\/en\/tuote\/southern-flavours-of-pakistan\/\" target=\"_blank\" rel=\"noopener\"><strong>Southern flavours of Pakistan<\/strong><\/a><\/td>\n<td style=\"text-align: center;\" align=\"left\"><em>3 195 \u20ac<\/em><\/td>\n<td style=\"text-align: center;\" align=\"left\">28.11-07.12<\/td>\n<td style=\"text-align: center;\" align=\"left\"><span style=\"color: #993300;\"><strong><em>Culture, nature and experience<\/em><\/strong><\/span><\/td>\n<td align=\"left\"><\/td>\n<td style=\"text-align: center;\" align=\"left\"><a href=\"https:\/\/traveller.fi\/en\/tuote\/southern-flavours-of-pakistan\/\" target=\"_blank\" rel=\"noopener\"><span style=\"color: #008000;\"><strong>Book<\/strong><\/span><\/a><\/td>\n<\/tr>\n<tr>\n<td align=\"left\"><\/td>\n<td align=\"left\"><\/td>\n<td align=\"left\"><\/td>\n<td align=\"left\"><\/td>\n<td align=\"left\"><\/td>\n<td align=\"left\"><\/td>\n<td align=\"left\"><\/td>\n<\/tr>\n<tr>\n<td align=\"left\"><em>11.12<\/em><\/td>\n<td align=\"left\"><strong><a href=\"https:\/\/traveller.fi\/en\/tuote\/iraqi-kurdistan\/\" target=\"_blank\" rel=\"noopener\">Iraqi Kurdistan<\/a><\/strong><\/td>\n<td style=\"text-align: center;\" align=\"left\"><em>2 975 \u20ac<\/em><\/td>\n<td style=\"text-align: center;\" align=\"left\">11-18.12<\/td>\n<td style=\"text-align: center;\" align=\"left\"><span style=\"color: #993300;\"><strong><em>Culture, nature and experience<\/em><\/strong><\/span><\/td>\n<td align=\"left\"><\/td>\n<td style=\"text-align: center;\" align=\"left\"><a href=\"https:\/\/traveller.fi\/en\/tuote\/iraqi-kurdistan\/\" target=\"_blank\" rel=\"noopener\"><span style=\"color: #008000;\"><strong>Book<\/strong><\/span><\/a><\/td>\n<\/tr>\n<\/tbody>\n<\/table>\n<\/div>\n<\/div><\/div><\/div><\/div>\n","protected":false},"excerpt":{"rendered":"","protected":false},"author":6,"featured_media":0,"parent":0,"menu_order":0,"comment_status":"closed","ping_status":"closed","template":"","meta":{"footnotes":""},"class_list":["post-31939","page","type-page","status-publish","hentry"],"yoast_head":"<!-- This site is optimized with the Yoast SEO plugin v26.2 - https:\/\/yoast.com\/wordpress\/plugins\/seo\/ -->\n<title>Group tours 2025 &#8211; Matkatoimisto Traveller Oy<\/title>\n<meta name=\"description\" content=\"Olemme erikoistuneet tuottamaan yksil\u00f6llisi\u00e4, erilaisia ja niin sanottuja once in a lifetime-tyylisi\u00e4 matkoja. Tutustu my\u00f6s viisumipalveluihimme!\" \/>\n<meta name=\"robots\" content=\"index, follow, max-snippet:-1, max-image-preview:large, max-video-preview:-1\" \/>\n<link rel=\"canonical\" href=\"https:\/\/traveller.fi\/en\/group-tours-2025\/\" \/>\n<meta property=\"og:locale\" content=\"en_US\" \/>\n<meta property=\"og:type\" content=\"article\" \/>\n<meta property=\"og:title\" content=\"Group tours 2025 &#8211; Matkatoimisto Traveller Oy\" \/>\n<meta property=\"og:description\" content=\"Olemme erikoistuneet tuottamaan yksil\u00f6llisi\u00e4, erilaisia ja niin sanottuja once in a lifetime-tyylisi\u00e4 matkoja. Tutustu my\u00f6s viisumipalveluihimme!\" \/>\n<meta property=\"og:url\" content=\"https:\/\/traveller.fi\/en\/group-tours-2025\/\" \/>\n<meta property=\"og:site_name\" content=\"Matkatoimisto Traveller Oy\" \/>\n<meta property=\"article:publisher\" content=\"https:\/\/www.facebook.com\/TravellerOy\" \/>\n<meta property=\"article:modified_time\" content=\"2025-02-22T14:04:53+00:00\" \/>\n<meta property=\"og:image\" content=\"https:\/\/i0.wp.com\/traveller.fi\/wp-content\/uploads\/2021\/02\/Traveller-uusi-logo.jpg?fit=595%2C450&ssl=1\" \/>\n\t<meta property=\"og:image:width\" content=\"595\" \/>\n\t<meta property=\"og:image:height\" content=\"450\" \/>\n\t<meta property=\"og:image:type\" content=\"image\/jpeg\" \/>\n<meta name=\"twitter:card\" content=\"summary_large_image\" \/>\n<meta name=\"twitter:site\" content=\"@TravellerOy\" \/>\n<meta name=\"twitter:label1\" content=\"Est. reading time\" \/>\n\t<meta name=\"twitter:data1\" content=\"1 minute\" \/>\n<script type=\"application\/ld+json\" class=\"yoast-schema-graph\">{\"@context\":\"https:\/\/schema.org\",\"@graph\":[{\"@type\":\"WebPage\",\"@id\":\"https:\/\/traveller.fi\/en\/group-tours-2025\/\",\"url\":\"https:\/\/traveller.fi\/en\/group-tours-2025\/\",\"name\":\"Group tours 2025 &#8211; Matkatoimisto Traveller Oy\",\"isPartOf\":{\"@id\":\"https:\/\/traveller.fi\/#website\"},\"datePublished\":\"2024-07-11T11:32:22+00:00\",\"dateModified\":\"2025-02-22T14:04:53+00:00\",\"description\":\"Olemme erikoistuneet tuottamaan yksil\u00f6llisi\u00e4, erilaisia ja niin sanottuja once in a lifetime-tyylisi\u00e4 matkoja. Tutustu my\u00f6s viisumipalveluihimme!\",\"breadcrumb\":{\"@id\":\"https:\/\/traveller.fi\/en\/group-tours-2025\/#breadcrumb\"},\"inLanguage\":\"en-US\",\"potentialAction\":[{\"@type\":\"ReadAction\",\"target\":[\"https:\/\/traveller.fi\/en\/group-tours-2025\/\"]}]},{\"@type\":\"BreadcrumbList\",\"@id\":\"https:\/\/traveller.fi\/en\/group-tours-2025\/#breadcrumb\",\"itemListElement\":[{\"@type\":\"ListItem\",\"position\":1,\"name\":\"Home\",\"item\":\"https:\/\/traveller.fi\/en\/\"},{\"@type\":\"ListItem\",\"position\":2,\"name\":\"Group tours 2025\"}]},{\"@type\":\"WebSite\",\"@id\":\"https:\/\/traveller.fi\/#website\",\"url\":\"https:\/\/traveller.fi\/\",\"name\":\"Matkatoimisto Traveller Oy\",\"description\":\"El\u00e4m\u00e4si matkat\",\"publisher\":{\"@id\":\"https:\/\/traveller.fi\/#organization\"},\"potentialAction\":[{\"@type\":\"SearchAction\",\"target\":{\"@type\":\"EntryPoint\",\"urlTemplate\":\"https:\/\/traveller.fi\/?s={search_term_string}\"},\"query-input\":{\"@type\":\"PropertyValueSpecification\",\"valueRequired\":true,\"valueName\":\"search_term_string\"}}],\"inLanguage\":\"en-US\"},{\"@type\":\"Organization\",\"@id\":\"https:\/\/traveller.fi\/#organization\",\"name\":\"Matkatoimisto Traveller Oy\",\"url\":\"https:\/\/traveller.fi\/\",\"logo\":{\"@type\":\"ImageObject\",\"inLanguage\":\"en-US\",\"@id\":\"https:\/\/traveller.fi\/#\/schema\/logo\/image\/\",\"url\":\"\",\"contentUrl\":\"\",\"caption\":\"Matkatoimisto Traveller Oy\"},\"image\":{\"@id\":\"https:\/\/traveller.fi\/#\/schema\/logo\/image\/\"},\"sameAs\":[\"https:\/\/www.facebook.com\/TravellerOy\",\"https:\/\/x.com\/TravellerOy\",\"https:\/\/www.instagram.com\/traveller_matkatoimisto\/\"]}]}<\/script>\n<!-- \/ Yoast SEO plugin. -->","yoast_head_json":{"title":"Group tours 2025 &#8211; Matkatoimisto Traveller Oy","description":"Olemme erikoistuneet tuottamaan yksil\u00f6llisi\u00e4, erilaisia ja niin sanottuja once in a lifetime-tyylisi\u00e4 matkoja. Tutustu my\u00f6s viisumipalveluihimme!","robots":{"index":"index","follow":"follow","max-snippet":"max-snippet:-1","max-image-preview":"max-image-preview:large","max-video-preview":"max-video-preview:-1"},"canonical":"https:\/\/traveller.fi\/en\/group-tours-2025\/","og_locale":"en_US","og_type":"article","og_title":"Group tours 2025 &#8211; Matkatoimisto Traveller Oy","og_description":"Olemme erikoistuneet tuottamaan yksil\u00f6llisi\u00e4, erilaisia ja niin sanottuja once in a lifetime-tyylisi\u00e4 matkoja. Tutustu my\u00f6s viisumipalveluihimme!","og_url":"https:\/\/traveller.fi\/en\/group-tours-2025\/","og_site_name":"Matkatoimisto Traveller Oy","article_publisher":"https:\/\/www.facebook.com\/TravellerOy","article_modified_time":"2025-02-22T14:04:53+00:00","og_image":[{"width":595,"height":450,"url":"https:\/\/i0.wp.com\/traveller.fi\/wp-content\/uploads\/2021\/02\/Traveller-uusi-logo.jpg?fit=595%2C450&ssl=1","type":"image\/jpeg"}],"twitter_card":"summary_large_image","twitter_site":"@TravellerOy","twitter_misc":{"Est. reading time":"1 minute"},"schema":{"@context":"https:\/\/schema.org","@graph":[{"@type":"WebPage","@id":"https:\/\/traveller.fi\/en\/group-tours-2025\/","url":"https:\/\/traveller.fi\/en\/group-tours-2025\/","name":"Group tours 2025 &#8211; Matkatoimisto Traveller Oy","isPartOf":{"@id":"https:\/\/traveller.fi\/#website"},"datePublished":"2024-07-11T11:32:22+00:00","dateModified":"2025-02-22T14:04:53+00:00","description":"Olemme erikoistuneet tuottamaan yksil\u00f6llisi\u00e4, erilaisia ja niin sanottuja once in a lifetime-tyylisi\u00e4 matkoja. Tutustu my\u00f6s viisumipalveluihimme!","breadcrumb":{"@id":"https:\/\/traveller.fi\/en\/group-tours-2025\/#breadcrumb"},"inLanguage":"en-US","potentialAction":[{"@type":"ReadAction","target":["https:\/\/traveller.fi\/en\/group-tours-2025\/"]}]},{"@type":"BreadcrumbList","@id":"https:\/\/traveller.fi\/en\/group-tours-2025\/#breadcrumb","itemListElement":[{"@type":"ListItem","position":1,"name":"Home","item":"https:\/\/traveller.fi\/en\/"},{"@type":"ListItem","position":2,"name":"Group tours 2025"}]},{"@type":"WebSite","@id":"https:\/\/traveller.fi\/#website","url":"https:\/\/traveller.fi\/","name":"Matkatoimisto Traveller Oy","description":"El\u00e4m\u00e4si matkat","publisher":{"@id":"https:\/\/traveller.fi\/#organization"},"potentialAction":[{"@type":"SearchAction","target":{"@type":"EntryPoint","urlTemplate":"https:\/\/traveller.fi\/?s={search_term_string}"},"query-input":{"@type":"PropertyValueSpecification","valueRequired":true,"valueName":"search_term_string"}}],"inLanguage":"en-US"},{"@type":"Organization","@id":"https:\/\/traveller.fi\/#organization","name":"Matkatoimisto Traveller Oy","url":"https:\/\/traveller.fi\/","logo":{"@type":"ImageObject","inLanguage":"en-US","@id":"https:\/\/traveller.fi\/#\/schema\/logo\/image\/","url":"","contentUrl":"","caption":"Matkatoimisto Traveller Oy"},"image":{"@id":"https:\/\/traveller.fi\/#\/schema\/logo\/image\/"},"sameAs":["https:\/\/www.facebook.com\/TravellerOy","https:\/\/x.com\/TravellerOy","https:\/\/www.instagram.com\/traveller_matkatoimisto\/"]}]}},"jetpack_sharing_enabled":true,"_links":{"self":[{"href":"https:\/\/traveller.fi\/en\/wp-json\/wp\/v2\/pages\/31939","targetHints":{"allow":["GET"]}}],"collection":[{"href":"https:\/\/traveller.fi\/en\/wp-json\/wp\/v2\/pages"}],"about":[{"href":"https:\/\/traveller.fi\/en\/wp-json\/wp\/v2\/types\/page"}],"author":[{"embeddable":true,"href":"https:\/\/traveller.fi\/en\/wp-json\/wp\/v2\/users\/6"}],"replies":[{"embeddable":true,"href":"https:\/\/traveller.fi\/en\/wp-json\/wp\/v2\/comments?post=31939"}],"version-history":[{"count":14,"href":"https:\/\/traveller.fi\/en\/wp-json\/wp\/v2\/pages\/31939\/revisions"}],"predecessor-version":[{"id":32505,"href":"https:\/\/traveller.fi\/en\/wp-json\/wp\/v2\/pages\/31939\/revisions\/32505"}],"wp:attachment":[{"href":"https:\/\/traveller.fi\/en\/wp-json\/wp\/v2\/media?parent=31939"}],"curies":[{"name":"wp","href":"https:\/\/api.w.org\/{rel}","templated":true}]}}